{"id":376,"date":"2026-03-05T00:19:59","date_gmt":"2026-03-05T06:19:59","guid":{"rendered":"https:\/\/itakt.pro\/mgauchos\/contact\/"},"modified":"2026-03-09T18:50:20","modified_gmt":"2026-03-10T00:50:20","slug":"contact","status":"publish","type":"page","link":"https:\/\/itakt.pro\/mgauchos\/contact\/","title":{"rendered":"Contact"},"content":{"rendered":"<div data-spectra-id=\"dc53d7de\"\tstyle=\"overflow: visible; --spectra-background-color: var(--ast-global-color-2); --spectra-overlay-opacity: 0.56;\" class=\"spectra-is-root-container alignfull spectra-overlay-color spectra-overflow spectra-background-color spectra-dim-ratio wp-block-spectra-container\" data-orientation=\"vertical\"\t>\n\t\n\t<h1 data-spectra-id=\"spectra-39c5ea9a-title\" style=\"--spectra-text-color: ast-global-color-5;--spectra-z-index: 3\" class=\"has-text-color spectra-text-color wp-block-spectra-content has-text-color has-ast-global-color-5-color has-z-index\">\n\t\tCont\u00e1ctenos\t<\/h1>\n\n\n\t<p data-spectra-id=\"spectra-39c5ea9a-desc\" style=\"--spectra-text-color: ast-global-color-5;--spectra-z-index: 3\" class=\"has-text-color spectra-text-color wp-block-spectra-content has-text-color has-ast-global-color-5-color has-z-index\">\n\t\tNuestra cultura incluye la superaci\u00f3n permanente, eso nos apasiona, por ello le agradecemos su retroalimentaci\u00f3n objetiva.\t<\/p>\n\n<\/div>\n\n\n<div data-spectra-id=\"47b89408\"\tstyle=\"overflow: visible; --spectra-background-color: var(--ast-global-color-4); --spectra-overlay-opacity: 1;\" class=\"spectra-is-root-container alignfull spectra-overlay-color spectra-overflow spectra-background-color spectra-dim-ratio wp-block-spectra-container\" data-orientation=\"vertical\"\t>\n\t\n<div data-spectra-id=\"spectra-f9222529-root\" style=\"overflow: visible\" class=\"spectra-overlay-color spectra-overflow wp-block-spectra-container\" data-orientation=\"vertical\">\n\t\n\t<p data-spectra-id=\"spectra-f9222529-prefix\" style=\"--spectra-text-color: var(--ast-global-color-2)\" class=\"has-text-color spectra-text-color wp-block-spectra-content has-text-color has-var-ast-global-color-2-color\">\n\t\tNuestra Direcci\u00f3n\t<\/p>\n\n\n\t<h2 data-spectra-id=\"spectra-f9222529-title\" style=\"--spectra-text-color: ast-global-color-2\" class=\"has-text-color has-link-color spectra-text-color  wp-elements-724639a07b6eb2d4b89e290a98d5827d wp-block-spectra-content has-text-color has-ast-global-color-2-color\">\n\t\tAv. La Escondida 320, Benito Ju\u00e1rez, Nezahualc\u00f3yotl. Edo. Mex. M\u00e9xico\t<\/h2>\n\n\n\t<p data-spectra-id=\"spectra-f9222529-desc\" class=\"wp-block-spectra-content\">\n\t\tPodr\u00e1s disfrutar del sabor intenso de los cortes de carne, en tu comunidad.\t<\/p>\n\n\n<div data-spectra-id=\"spectra-f9222529-buttons\" class=\"wp-block-button spectra-buttons wp-block-spectra-buttons\">\n\t\n<a data-spectra-id=\"spectra-f9222529-button\" href=\"#\" target=\"_self\" aria-label=\"Reserva Mesa\" style=\"--spectra-text-color: var(--ast-global-color-2);--spectra-text-color-hover: var(--ast-global-color-5);--spectra-background-color: transparent;--spectra-background-color-hover: var(--ast-global-color-2)\" class=\"wp-block-button__link wp-element-button spectra-text-color spectra-text-color-hover spectra-background-color spectra-background-color-hover wp-block-spectra-button has-text-color has-var-ast-global-color-2-color has-background has-transparent-background-color\">\n<div class=\"spectra-button__link\">Reserva Mesa<\/div><\/a>\n\n<\/div>\n\n<\/div>\n\n\n\t<p data-spectra-id=\"spectra-mg694547-dyq8nx\" style=\"--spectra-text-color: ast-global-color-2\" class=\"has-text-color has-link-color spectra-text-color wp-elements-d3f2a957efa78f822fa21c7a4741286b wp-block-spectra-content has-text-color has-ast-global-color-2-color\">\n\t\t<strong>Tel<\/strong>\u00e9fono para Reservaciones\t<\/p>\n\n\n\t<h6 data-spectra-id=\"spectra-mg697fgr-qy0qz0\" style=\"--spectra-text-color: ast-global-color-2\" class=\"has-text-color has-link-color spectra-text-color wp-elements-d93425d30eb6df758e15eb0bb33902cf wp-block-spectra-content has-text-color has-ast-global-color-2-color\">\n\t\t12 34 56 7890\t<\/h6>\n\n\n\t<p data-spectra-id=\"spectra-mg69cdk0-1z4b7m\" style=\"--spectra-z-index: 1000\" class=\"wp-block-spectra-content has-z-index\">\n\t\tatnclientes@gauchos.com.mx\t<\/p>\n\n<\/div>\n\n\n<div data-spectra-id=\"42b267ad\"\tstyle=\"overflow: visible; --spectra-background-color: var(--ast-global-color-4); --spectra-overlay-opacity: 1;\" class=\"spectra-is-root-container alignfull spectra-overlay-color spectra-overflow spectra-background-color spectra-dim-ratio wp-block-spectra-container spectra-hide-tablet spectra-hide-mobile\" data-orientation=\"vertical\"\t>\n\t\n\n<figure data-spectra-id=\"8327df96\" class=\"wp-block-image alignright size-medium is-resized uag-hide-mob has-z-index\"><img loading=\"lazy\" decoding=\"async\" width=\"560\" height=\"560\" src=\"https:\/\/itakt.pro\/mgauchos\/wp-content\/uploads\/2020\/07\/plate-of-cookie-with-strawberry.png\" alt=\"\" class=\"wp-image-123\" title=\"\" srcset=\"https:\/\/itakt.pro\/mgauchos\/wp-content\/uploads\/2020\/07\/plate-of-cookie-with-strawberry.png 560w, https:\/\/itakt.pro\/mgauchos\/wp-content\/uploads\/2020\/07\/plate-of-cookie-with-strawberry-300x300.png 300w, https:\/\/itakt.pro\/mgauchos\/wp-content\/uploads\/2020\/07\/plate-of-cookie-with-strawberry-100x100.png 100w\" sizes=\"auto, (max-width: 560px) 100vw, 560px\" \/><\/figure>\n\n<\/div>\n\n\n<div data-spectra-id=\"97bfd964\"\tstyle=\"overflow: visible; --spectra-background-color: var(--ast-global-color-4); --spectra-overlay-opacity: 1; --spectra-z-index: -100;\" class=\"spectra-is-root-container alignfull spectra-overlay-color spectra-overflow spectra-background-color spectra-dim-ratio wp-block-spectra-container has-z-index\" data-orientation=\"vertical\"\t>\n\t\n<div data-spectra-id=\"4f3e808e\" class=\"spectra-google-map wp-block-spectra-google-map\">\n\t<embed class=\"spectra-google-map__iframe\" title=\"Mapa de Google deAvenida La Escondida 320, Benito Ju\u00e1rez, Nezahualc\u00f3yotl, Estado de M\u00e9xico\" src=\"https:\/\/maps.google.com\/maps?q=Avenida+La+Escondida+320%2C+Benito+Ju%C3%A1rez%2C+Nezahualc%C3%B3yotl%2C+Estado+de+M%C3%A9xico&#038;z=16&#038;hl=es&#038;t=m&#038;output=embed&#038;iwloc=near\" width=\"100%\" height=\"100%\" style=\"border: 0\" allowfullscreen=\"\" loading=\"lazy\" referrerpolicy=\"no-referrer-when-downgrade\"><\/embed>\n<\/div>\n\n\n<div data-spectra-id=\"c48a0eca\" style=\"overflow: visible;--spectra-overlay-opacity: 1;--spectra-z-index: 3\" class=\"spectra-overlay-color spectra-overflow spectra-dim-ratio wp-block-spectra-container has-z-index\" data-orientation=\"vertical\">\n\t\n\t<h3 data-spectra-id=\"spectra-2b184c92-heading\" style=\"--spectra-text-color: ast-global-color-2\" class=\"has-text-color has-link-color spectra-text-color  wp-elements-7fc263bb039727eda658353b5e211414 wp-block-spectra-content has-text-color has-ast-global-color-2-color\">\n\t\tAtenci\u00f3n directa (Gerencia).\t<\/h3>\n\n\n\t<p data-spectra-id=\"spectra-2b184c92-desc\" class=\"wp-block-spectra-content\">\n\t\tNuestro objetivo es superarnos permanentemente, por lo que agradecemos de antemano tu retroalimentaci\u00f3n.\t<\/p>\n\n\n\t\t\t<div class=\"srfm-form-container srfm-form-container-2181 srfm-bg-color srfm-submit-button-hidden\">\n\t\t\t<style>\n\t\t\t\t\/* Need to check and remove the input variables related to the Style Tab. *\/\n\t\t\t\t.srfm-form-container-2181 {\n\t\t\t\t\t\/* New test variables *\/\n\t\t\t\t\t--srfm-color-scheme-primary: var(--ast-global-color-0);\n\t\t\t\t\t--srfm-color-scheme-text-on-primary: #FFFFFF;\n\t\t\t\t\t--srfm-color-scheme-text: var(--ast-global-color-2);\n\t\t\t\t\t--srfm-quill-editor-color: var(--ast-global-color-0);\n\n\t\t\t\t\t--srfm-color-input-label: var(--ast-global-color-2);\n\t\t\t\t\t--srfm-color-input-description: hsl( from var(--ast-global-color-2) h s l \/ 0.65 );\n\t\t\t\t\t--srfm-color-input-placeholder: hsl( from var(--ast-global-color-2) h s l \/ 0.5 );\n\t\t\t\t\t--srfm-color-input-text: var(--ast-global-color-2);\n\t\t\t\t\t--srfm-color-input-prefix: hsl( from var(--ast-global-color-2) h s l \/ 0.65 );\n\t\t\t\t\t--srfm-color-input-background: hsl( from var(--ast-global-color-2) h s l \/ 0.02 );\n\t\t\t\t\t--srfm-color-input-background-hover: hsl( from var(--ast-global-color-2) h s l \/ 0.05 );\n\t\t\t\t\t--srfm-color-input-background-disabled: hsl( from var(--ast-global-color-2) h s l \/ 0.07 );\n\t\t\t\t\t--srfm-color-input-border: hsl( from var(--ast-global-color-2) h s l \/ 0.25 );\n\t\t\t\t\t--srfm-color-input-border-disabled: hsl( from var(--ast-global-color-2) h s l \/ 0.15 );\n\t\t\t\t\t--srfm-color-multi-choice-svg: hsl( from var(--ast-global-color-2) h s l \/ 0.7 );\n\t\t\t\t\t--srfm-color-input-border-hover: hsl( from var(--ast-global-color-0) h s l \/ 0.65 );\n\t\t\t\t\t--srfm-color-input-border-focus-glow: hsl( from var(--ast-global-color-0) h s l \/ 0.15 );\n\t\t\t\t\t--srfm-color-input-selected: hsl( from var(--ast-global-color-0) h s l \/ 0.1 );\n\t\t\t\t\t--srfm-btn-color-hover: hsl( from var(--ast-global-color-0) h s l \/ 0.9 );\n\t\t\t\t\t--srfm-btn-color-disabled: hsl( from var(--ast-global-color-0) h s l \/ 0.25 );\n\n\t\t\t\t\t\/* Dropdown Variables *\/\n\t\t\t\t\t--srfm-dropdown-input-background-hover: hsl( from var(--ast-global-color-2) h s l \/ 0.05 );\n\t\t\t\t\t--srfm-dropdown-option-background-hover: hsl( from var(--ast-global-color-2) h s l \/ 0.10 );\n\t\t\t\t\t--srfm-dropdown-option-background-selected: hsl( from var(--ast-global-color-2) h s l \/ 0.05 );\n\t\t\t\t\t--srfm-dropdown-option-selected-icon: hsl( from var(--ast-global-color-2) h s l \/ 0.65 );\n\t\t\t\t\t--srfm-dropdown-option-text-color: hsl( from var(--ast-global-color-2) h s l \/ 0.80 );\n\t\t\t\t\t--srfm-dropdown-option-selected-text: var(--ast-global-color-2);\n\t\t\t\t\t--srfm-dropdown-badge-background: hsl( from var(--ast-global-color-2) h s l \/ 0.05 );\n\t\t\t\t\t--srfm-dropdown-badge-background-hover: hsl( from var(--ast-global-color-2) h s l \/ 0.10 );\n\t\t\t\t\t--srfm-dropdown-menu-border-color: hsl( from var(--ast-global-color-2) h s l \/ 0.10 );\n\t\t\t\t\t--srfm-dropdown-placeholder-color: hsl( from var(--ast-global-color-2) h s l \/ 0.50 );\n\t\t\t\t\t--srfm-dropdown-icon-color: hsl( from var(--ast-global-color-2) h s l \/ 0.65 );\n\t\t\t\t\t--srfm-dropdown-icon-disabled: hsl( from var(--ast-global-color-2) h s l \/ 0.25 );\n\n\t\t\t\t\t\/* Background Control Variables *\/\n\t\t\t\t\t--srfm-instant-form-padding-top: 32px;--srfm-instant-form-padding-right: 32px;--srfm-instant-form-padding-bottom: 32px;--srfm-instant-form-padding-left: 32px;--srfm-instant-form-border-radius-top: 12px;--srfm-instant-form-border-radius-right: 12px;--srfm-instant-form-border-radius-bottom: 12px;--srfm-instant-form-border-radius-left: 12px;--srfm-form-padding-top: 0px;--srfm-form-padding-right: 0px;--srfm-form-padding-bottom: 0px;--srfm-form-padding-left: 0px;--srfm-form-border-radius-top: 0px;--srfm-form-border-radius-right: 0px;--srfm-form-border-radius-bottom: 0px;--srfm-form-border-radius-left: 0px;--srfm-bg-color: #ffffff;--srfm-bg-overlay-opacity: 1;\t\t\t\t\t--srfm-row-gap-between-blocks: 18px;--srfm-address-label-font-size: 16px;--srfm-address-label-line-height: 24px;--srfm-address-description-font-size: 14px;--srfm-address-description-line-height: 20px;--srfm-col-gap-between-fields: 16px;--srfm-row-gap-between-fields: 16px;--srfm-gap-below-address-label: 14px;--srfm-dropdown-font-size: 14px;--srfm-dropdown-gap-between-input-menu: 4px;--srfm-dropdown-badge-padding: 2px 6px;--srfm-dropdown-multiselect-font-size: 12px;--srfm-dropdown-multiselect-line-height: 16px;--srfm-dropdown-padding-right: 12px;--srfm-dropdown-padding-right-icon: calc( var( --srfm-dropdown-padding-right ) + 20px );--srfm-dropdown-multiselect-padding: 8px var( --srfm-dropdown-padding-right-icon ) 8px 8px;--srfm-input-height: 44px;--srfm-input-field-padding: 10px 12px;--srfm-input-field-font-size: 16px;--srfm-input-field-line-height: 24px;--srfm-input-field-margin-top: 6px;--srfm-input-field-margin-bottom: 6px;--srfm-checkbox-label-font-size: 16px;--srfm-checkbox-label-line-height: 24px;--srfm-checkbox-description-font-size: 14px;--srfm-checkbox-description-line-height: 20px;--srfm-check-ctn-width: 16px;--srfm-check-ctn-height: 16px;--srfm-check-svg-size: 10px;--srfm-checkbox-margin-top-frontend: 4px;--srfm-checkbox-margin-top-editor: 6px;--srfm-check-gap: 8px;--srfm-checkbox-description-margin-left: 24px;--srfm-flag-section-padding: 10px 0 10px 12px;--srfm-gap-between-icon-text: 8px;--srfm-label-font-size: 16px;--srfm-label-line-height: 24px;--srfm-description-font-size: 14px;--srfm-description-line-height: 20px;--srfm-btn-padding: 10px 14px;--srfm-btn-font-size: 16px;--srfm-btn-line-height: 24px;--srfm-multi-choice-horizontal-padding: 20px;--srfm-multi-choice-vertical-padding: 20px;--srfm-multi-choice-internal-option-gap: 8px;--srfm-multi-choice-vertical-svg-size: 40px;--srfm-multi-choice-horizontal-image-size: 24px;--srfm-multi-choice-vertical-image-size: 120px;--srfm-multi-choice-outer-padding: 2px;\t\t\t\t}\n\t\t\t<\/style>\n\t\t\t\t\t\t\t<form method=\"post\" enctype=\"multipart\/form-data\" id=\"srfm-form-2181\" class=\"srfm-form \" form-id=\"2181\" after-submission=\"hide form\" message-type=\"same page\" success-url=\"\" ajaxurl=\"https:\/\/itakt.pro\/mgauchos\/wp-admin\/admin-ajax.php\" data-nonce=\"03877c3f56\" data-submit-nonce=\"06cf21b9b0\" data-update-nonce=\"yes\">\n\t\t\t\t<input type=\"hidden\" id=\"sureforms_form_submit\" name=\"sureforms_form_submit\" value=\"73af2addc8\" \/><input type=\"hidden\" name=\"_wp_http_referer\" value=\"\/mgauchos\/wp-json\/wp\/v2\/pages\/376\" \/>\n\t\t\t\t<input type=\"hidden\" value=\"2181\" name=\"form-id\">\n\t\t\t\t<input type=\"hidden\" value=\"\" name=\"srfm-sender-email-field\" id=\"srfm-sender-email\">\n\t\t\t\t<input type=\"hidden\" value=\"\" id=\"srfm-page-break\">\n\t\t\t\t\t\t<p id=\"srfm-error-message\" class=\"srfm-common-error-message srfm-error-message srfm-head-error\" hidden>\t\t<span class=\"srfm-icon\" aria-hidden=\"true\">\n\t\t\t<svg xmlns='http:\/\/www.w3.org\/2000\/svg' width='20' height='20' fill='none'><path d='M9.99935 18.3327C14.6017 18.3327 18.3327 14.6017 18.3327 9.99935C18.3327 5.39698 14.6017 1.66602 9.99935 1.66602C5.39698 1.66602 1.66602 5.39698 1.66602 9.99935C1.66602 14.6017 5.39698 18.3327 9.99935 18.3327Z' stroke='currentColor' stroke-width='1.5' stroke-linecap='round' stroke-linejoin='round' \/><path d='M10 6.66602V9.99935' stroke='currentColor' stroke-width='1.5' stroke-linecap='round' stroke-linejoin='round' \/><path d='M10 13.334H10.0083' stroke='currentColor' stroke-width='1.5' stroke-linecap='round' stroke-linejoin='round' \/><\/svg>\t\t<\/span>\n\t\t<span class=\"srfm-error-content\">Hubo un error al intentar enviar su formulario. Por favor, int\u00e9ntelo de nuevo.<\/span><\/p>\n\t\t\t\t\t<div data-block-id=\"96150998\" class=\"srfm-block-single srfm-block srfm-input-block srf-input-96150998-block  srfm-block-width-100 srfm-slug-full-name 2181\">\n\t\t\t\t\t\t\t\t\t\t<div class=\"srfm-block-wrap\">\n\t\t\t\t<input class=\"srfm-input-common srfm-input-input\" type=\"text\" name=\"srfm-input-96150998-lbl-Tm9tYnJlIGNvbXBsZXRv-full-name\" id=\"srfm-input-96150998-lbl-Tm9tYnJlIGNvbXBsZXRv\" aria-describedby='srfm-error-96150998' data-required=\"false\" aria-required=\"false\" data-unique=\"false\" maxlength=\"100\" value=\"\" placeholder=\"Nombre completo\" data-srfm-mask=\"none\" \/>\n\t\t\t\t<\/div>\n\t\t\t\t<div class=\"srfm-error-wrap\">\n\t\t\t\t\t\t\t\t\t\t<div class=\"srfm-error-message\" data-srfm-id=\"srfm-error-96150998\" data-error-msg=\"Este campo es obligatorio.\" data-unique-msg=\"El valor debe ser \u00fanico.\">\n\t\t\t\t\t\tEste campo es obligatorio.\t\t\t\t\t<\/div>\n\t\t\t\t\t\t\t\t\t<\/div>\n\t\t\t<\/div>\n\t\t\n\n\t\t\t<div data-block-id=\"6a87dbb2\" class=\"srfm-block-single srfm-block srfm-email-block srf-email-6a87dbb2-block  srfm-block-width-100 srfm-slug-active-email 2181 srfm-email-block-wrap\">\n\t\t\t\t<div class=\"srfm-email-block srf-email-6a87dbb2-block\">\n\t\t\t\t\t\t\t\t\t\t\t\t\t\t\t<div class=\"srfm-block-wrap\">\n\t\t\t\t\t\t<input class=\"srfm-input-common srfm-input-email\" type=\"email\" name=\"srfm-email-6a87dbb2-lbl-Q29ycmVvIGVsZWN0csOzbmljbyBhY3Rpdm8gKGVtYWlsKQ-active-email\" id=\"srfm-email-6a87dbb2-lbl-Q29ycmVvIGVsZWN0csOzbmljbyBhY3Rpdm8gKGVtYWlsKQ\" aria-describedby='srfm-error-6a87dbb2' data-required=\"false\" aria-required=\"false\" data-unique=\"false\" value=\"\" placeholder=\"Correo electr\u00f3nico activo (email)\" \/>\n\t\t\t\t\t<\/div>\n\t\t\t\t\t<div class=\"srfm-error-wrap\">\n\t\t\t\t\t\t\t\t\t\t\t<div class=\"srfm-error-message\" data-srfm-id=\"srfm-error-6a87dbb2\" data-error-msg=\"Este campo es obligatorio.\" data-unique-msg=\"El valor debe ser \u00fanico.\">\n\t\t\t\t\t\tEste campo es obligatorio.\t\t\t\t\t<\/div>\n\t\t\t\t\t\t\t\t\t\t<\/div>\n\t\t\t\t<\/div>\n\t\t\t\t\t\t\t<\/div>\n\t\t\n\n\t\t<div data-block-id=\"88225d97\" class=\"srfm-block-single srfm-block srfm-textarea-block srf-textarea-88225d97-block  srfm-block-width-100 2181\">\n\t\t\t\t\t\t\t\t\t<div class=\"srfm-block-wrap\">\n\t\t\t\t<textarea class=\"srfm-input-common srfm-input-textarea\" name=\"srfm-textarea-88225d97-lbl-U3UgTWVuc2FnZSwgZ3JhY2lhcy4-your-message-here\" id=\"srfm-textarea-88225d97-lbl-U3UgTWVuc2FnZSwgZ3JhY2lhcy4-7400\" aria-describedby='srfm-error-88225d97' data-required=\"false\" aria-required=\"false\" rows=\"4\" placeholder=\"Su Mensage, gracias.\"><\/textarea>\n\t\t\t\t\t\t\t<\/div>\n\t\t\t<div class=\"srfm-error-wrap\">\n\t\t\t\t\t\t\t<\/div>\n\t\t<\/div>\n\n\t\t\n\n\t\t\t\t\t\t\t\t\t\t<div data-block-id=\"ceca510b\" class=\" 2181 srf-inline-button-ceca510b-block srfm-block-width-25 srfm-block srfm-custom-button-ctn \">\n\t\t\t\t\t\t\t\t<button style=\"font-family: inherit;font-weight: var(--wp--custom--font-weight--medium);line-height: normal;width:100%\" id=\"srfm-submit-btn\" class=\"srfm-button srfm-submit-button srfm-btn-frontend srfm-custom-button\">\n\t\t\t\t\t<div class=\"srfm-submit-wrap\">\n\t\t\t\t\t\tEnviar \t\t\t\t\t\t<div class=\"srfm-loader\"><\/div>\n\t\t\t\t\t<\/div>\n\t\t\t\t<\/button>\n\t\t\t\t<div class=\"srfm-error-wrap\"><\/div>\n\t\t\t<\/div>\n\t\t\t\t\t\t\t\t\t\n\t\t\t\t\t\n\t\t\t\t\t<div class=\"srfm-submit-container \" style=\"visibility:hidden;position:absolute\">\n\t\t\t\t\t\t<div style=\"width:;text-align: left\" class=\"wp-block-button\">\n\t\t\t\t\t\t\t\t\t\t\t\t\t\t\t\t\t\t\t\t\t\t\t\t<\/div>\n\t\t\t\t\t<\/div>\n\t\t\t\t\t\t\t<p id=\"srfm-error-message\" class=\"srfm-common-error-message srfm-error-message srfm-footer-error\" hidden>\t\t<span class=\"srfm-icon\" aria-hidden=\"true\">\n\t\t\t<svg xmlns='http:\/\/www.w3.org\/2000\/svg' width='20' height='20' fill='none'><path d='M9.99935 18.3327C14.6017 18.3327 18.3327 14.6017 18.3327 9.99935C18.3327 5.39698 14.6017 1.66602 9.99935 1.66602C5.39698 1.66602 1.66602 5.39698 1.66602 9.99935C1.66602 14.6017 5.39698 18.3327 9.99935 18.3327Z' stroke='currentColor' stroke-width='1.5' stroke-linecap='round' stroke-linejoin='round' \/><path d='M10 6.66602V9.99935' stroke='currentColor' stroke-width='1.5' stroke-linecap='round' stroke-linejoin='round' \/><path d='M10 13.334H10.0083' stroke='currentColor' stroke-width='1.5' stroke-linecap='round' stroke-linejoin='round' \/><\/svg>\t\t<\/span>\n\t\t<span class=\"srfm-error-content\">Hubo un error al intentar enviar su formulario. Por favor, int\u00e9ntelo de nuevo.<\/span><\/p>\n\t\t\t\t\t<\/form>\n\t\t\t<div class=\"srfm-single-form srfm-success-box in-page\">\n\t\t\t\t<div aria-live=\"polite\" aria-atomic=\"true\" role=\"alert\" id=\"srfm-success-message-page-2181\" class=\"srfm-success-box-description\"><\/div>\n\t\t\t<\/div>\n\t\t\t<\/div>\n\t\t\n<\/div>\n\n<\/div>\n","protected":false},"excerpt":{"rendered":"","protected":false},"author":1,"featured_media":0,"parent":0,"menu_order":0,"comment_status":"closed","ping_status":"closed","template":"","meta":{"_uag_custom_page_level_css":"","site-sidebar-layout":"no-sidebar","site-content-layout":"plain-container","ast-site-content-layout":"normal-width-container","site-content-style":"unboxed","site-sidebar-style":"unboxed","ast-global-header-display":"","ast-banner-title-visibility":"","ast-main-header-display":"","ast-hfb-above-header-display":"","ast-hfb-below-header-display":"","ast-hfb-mobile-header-display":"","site-post-title":"disabled","ast-breadcrumbs-content":"","ast-featured-img":"disabled","footer-sml-layout":"","ast-disable-related-posts":"","theme-transparent-header-meta":"enabled","adv-header-id-meta":"","stick-header-meta":"","header-above-stick-meta":"","header-main-stick-meta":"","header-below-stick-meta":"","astra-migrate-meta-layouts":"set","ast-page-background-enabled":"default","ast-page-background-meta":{"desktop":{"background-color":"","background-image":"","background-repeat":"repeat","background-position":"center center","background-size":"auto","background-attachment":"scroll","background-type":"","background-media":"","overlay-type":"","overlay-color":"","overlay-opacity":"","overlay-gradient":""},"tablet":{"background-color":"","background-image":"","background-repeat":"repeat","background-position":"center center","background-size":"auto","background-attachment":"scroll","background-type":"","background-media":"","overlay-type":"","overlay-color":"","overlay-opacity":"","overlay-gradient":""},"mobile":{"background-color":"","background-image":"","background-repeat":"repeat","background-position":"center center","background-size":"auto","background-attachment":"scroll","background-type":"","background-media":"","overlay-type":"","overlay-color":"","overlay-opacity":"","overlay-gradient":""}},"ast-content-background-meta":{"desktop":{"background-color":"var(--ast-global-color-5)","background-image":"","background-repeat":"repeat","background-position":"center center","background-size":"auto","background-attachment":"scroll","background-type":"","background-media":"","overlay-type":"","overlay-color":"","overlay-opacity":"","overlay-gradient":""},"tablet":{"background-color":"var(--ast-global-color-5)","background-image":"","background-repeat":"repeat","background-position":"center center","background-size":"auto","background-attachment":"scroll","background-type":"","background-media":"","overlay-type":"","overlay-color":"","overlay-opacity":"","overlay-gradient":""},"mobile":{"background-color":"var(--ast-global-color-5)","background-image":"","background-repeat":"repeat","background-position":"center center","background-size":"auto","background-attachment":"scroll","background-type":"","background-media":"","overlay-type":"","overlay-color":"","overlay-opacity":"","overlay-gradient":""}},"footnotes":""},"class_list":["post-376","page","type-page","status-publish","hentry"],"_hostinger_reach_plugin_has_subscription_block":false,"_hostinger_reach_plugin_is_elementor":false,"uagb_featured_image_src":{"full":false,"thumbnail":false,"medium":false,"medium_large":false,"large":false,"1536x1536":false,"2048x2048":false,"woocommerce_thumbnail":false,"woocommerce_single":false,"woocommerce_gallery_thumbnail":false},"uagb_author_info":{"display_name":"serislas","author_link":"https:\/\/itakt.pro\/mgauchos\/author\/serislas\/"},"uagb_comment_info":0,"uagb_excerpt":null,"_links":{"self":[{"href":"https:\/\/itakt.pro\/mgauchos\/wp-json\/wp\/v2\/pages\/376","targetHints":{"allow":["GET"]}}],"collection":[{"href":"https:\/\/itakt.pro\/mgauchos\/wp-json\/wp\/v2\/pages"}],"about":[{"href":"https:\/\/itakt.pro\/mgauchos\/wp-json\/wp\/v2\/types\/page"}],"author":[{"embeddable":true,"href":"https:\/\/itakt.pro\/mgauchos\/wp-json\/wp\/v2\/users\/1"}],"replies":[{"embeddable":true,"href":"https:\/\/itakt.pro\/mgauchos\/wp-json\/wp\/v2\/comments?post=376"}],"version-history":[{"count":8,"href":"https:\/\/itakt.pro\/mgauchos\/wp-json\/wp\/v2\/pages\/376\/revisions"}],"predecessor-version":[{"id":3947,"href":"https:\/\/itakt.pro\/mgauchos\/wp-json\/wp\/v2\/pages\/376\/revisions\/3947"}],"wp:attachment":[{"href":"https:\/\/itakt.pro\/mgauchos\/wp-json\/wp\/v2\/media?parent=376"}],"curies":[{"name":"wp","href":"https:\/\/api.w.org\/{rel}","templated":true}]}}