{"id":3891,"date":"2026-03-07T07:40:55","date_gmt":"2026-03-07T13:40:55","guid":{"rendered":"https:\/\/itakt.pro\/mgauchos\/?post_type=product&#038;p=3891"},"modified":"2026-03-07T07:40:55","modified_gmt":"2026-03-07T13:40:55","slug":"12-alitas-al-carbon","status":"publish","type":"product","link":"https:\/\/itakt.pro\/mgauchos\/producto\/12-alitas-al-carbon\/","title":{"rendered":"12 ALITAS AL CARBON"},"content":{"rendered":"<p>Ba\u00f1adas con salsa de su elecci\u00f3n y acompa\u00f1adas de papas parrilleras. (BBQ \/ LEMON PEPER \/ BUFFALO \/ MANGO HABANERO)<\/p>\n","protected":false},"excerpt":{"rendered":"<p>Ba\u00f1adas con salsa de su elecci\u00f3n y acompa\u00f1adas de papas parrilleras. (BBQ \/ LEMON PEPER \/ BUFFALO \/ MANGO HABANERO)<\/p>\n","protected":false},"featured_media":3742,"template":"","meta":{"_uag_custom_page_level_css":"","site-sidebar-layout":"default","site-content-layout":"","ast-site-content-layout":"default","site-content-style":"default","site-sidebar-style":"default","ast-global-header-display":"","ast-banner-title-visibility":"","ast-main-header-display":"","ast-hfb-above-header-display":"","ast-hfb-below-header-display":"","ast-hfb-mobile-header-display":"","site-post-title":"","ast-breadcrumbs-content":"","ast-featured-img":"","footer-sml-layout":"","ast-disable-related-posts":"","theme-transparent-header-meta":"default","adv-header-id-meta":"","stick-header-meta":"","header-above-stick-meta":"","header-main-stick-meta":"","header-below-stick-meta":"","astra-migrate-meta-layouts":"set","ast-page-background-enabled":"default","ast-page-background-meta":{"desktop":{"background-color":"","background-image":"","background-repeat":"repeat","background-position":"center center","background-size":"auto","background-attachment":"scroll","background-type":"","background-media":"","overlay-type":"","overlay-color":"","overlay-opacity":"","overlay-gradient":""},"tablet":{"background-color":"","background-image":"","background-repeat":"repeat","background-position":"center center","background-size":"auto","background-attachment":"scroll","background-type":"","background-media":"","overlay-type":"","overlay-color":"","overlay-opacity":"","overlay-gradient":""},"mobile":{"background-color":"","background-image":"","background-repeat":"repeat","background-position":"center center","background-size":"auto","background-attachment":"scroll","background-type":"","background-media":"","overlay-type":"","overlay-color":"","overlay-opacity":"","overlay-gradient":""}},"ast-content-background-meta":{"desktop":{"background-color":"var(--ast-global-color-5)","background-image":"","background-repeat":"repeat","background-position":"center center","background-size":"auto","background-attachment":"scroll","background-type":"","background-media":"","overlay-type":"","overlay-color":"","overlay-opacity":"","overlay-gradient":""},"tablet":{"background-color":"var(--ast-global-color-5)","background-image":"","background-repeat":"repeat","background-position":"center center","background-size":"auto","background-attachment":"scroll","background-type":"","background-media":"","overlay-type":"","overlay-color":"","overlay-opacity":"","overlay-gradient":""},"mobile":{"background-color":"var(--ast-global-color-5)","background-image":"","background-repeat":"repeat","background-position":"center center","background-size":"auto","background-attachment":"scroll","background-type":"","background-media":"","overlay-type":"","overlay-color":"","overlay-opacity":"","overlay-gradient":""}}},"product_brand":[],"product_cat":[21],"product_tag":[],"class_list":{"0":"post-3891","1":"product","2":"type-product","3":"status-publish","4":"has-post-thumbnail","6":"product_cat-alitas-y-costillas","7":"desktop-align-left","8":"tablet-align-left","9":"mobile-align-left","11":"first","12":"instock","13":"shipping-taxable","14":"purchasable","15":"product-type-simple"},"uagb_featured_image_src":{"full":["https:\/\/itakt.pro\/mgauchos\/wp-content\/uploads\/2026\/03\/alitasalcarbon.jpg",1200,800,false],"thumbnail":["https:\/\/itakt.pro\/mgauchos\/wp-content\/uploads\/2026\/03\/alitasalcarbon-150x150.jpg",150,150,true],"medium":["https:\/\/itakt.pro\/mgauchos\/wp-content\/uploads\/2026\/03\/alitasalcarbon-300x200.jpg",300,200,true],"medium_large":["https:\/\/itakt.pro\/mgauchos\/wp-content\/uploads\/2026\/03\/alitasalcarbon-768x512.jpg",768,512,true],"large":["https:\/\/itakt.pro\/mgauchos\/wp-content\/uploads\/2026\/03\/alitasalcarbon-1024x683.jpg",1024,683,true],"1536x1536":["https:\/\/itakt.pro\/mgauchos\/wp-content\/uploads\/2026\/03\/alitasalcarbon.jpg",1200,800,false],"2048x2048":["https:\/\/itakt.pro\/mgauchos\/wp-content\/uploads\/2026\/03\/alitasalcarbon.jpg",1200,800,false],"woocommerce_thumbnail":["https:\/\/itakt.pro\/mgauchos\/wp-content\/uploads\/2026\/03\/alitasalcarbon-300x300.jpg",300,300,true],"woocommerce_single":["https:\/\/itakt.pro\/mgauchos\/wp-content\/uploads\/2026\/03\/alitasalcarbon-600x400.jpg",600,400,true],"woocommerce_gallery_thumbnail":["https:\/\/itakt.pro\/mgauchos\/wp-content\/uploads\/2026\/03\/alitasalcarbon-100x100.jpg",100,100,true]},"uagb_author_info":{"display_name":"serislas","author_link":"https:\/\/itakt.pro\/mgauchos\/author\/"},"uagb_comment_info":0,"uagb_excerpt":"Ba\u00f1adas con salsa de su elecci\u00f3n y acompa\u00f1adas de papas parrilleras. (BBQ \/ LEMON PEPER \/ BUFFALO \/ MANGO HABANERO)","_links":{"self":[{"href":"https:\/\/itakt.pro\/mgauchos\/wp-json\/wp\/v2\/product\/3891","targetHints":{"allow":["GET"]}}],"collection":[{"href":"https:\/\/itakt.pro\/mgauchos\/wp-json\/wp\/v2\/product"}],"about":[{"href":"https:\/\/itakt.pro\/mgauchos\/wp-json\/wp\/v2\/types\/product"}],"wp:featuredmedia":[{"embeddable":true,"href":"https:\/\/itakt.pro\/mgauchos\/wp-json\/wp\/v2\/media\/3742"}],"wp:attachment":[{"href":"https:\/\/itakt.pro\/mgauchos\/wp-json\/wp\/v2\/media?parent=3891"}],"wp:term":[{"taxonomy":"product_brand","embeddable":true,"href":"https:\/\/itakt.pro\/mgauchos\/wp-json\/wp\/v2\/product_brand?post=3891"},{"taxonomy":"product_cat","embeddable":true,"href":"https:\/\/itakt.pro\/mgauchos\/wp-json\/wp\/v2\/product_cat?post=3891"},{"taxonomy":"product_tag","embeddable":true,"href":"https:\/\/itakt.pro\/mgauchos\/wp-json\/wp\/v2\/product_tag?post=3891"}],"curies":[{"name":"wp","href":"https:\/\/api.w.org\/{rel}","templated":true}]}}