{"id":3894,"date":"2026-03-07T07:46:27","date_gmt":"2026-03-07T13:46:27","guid":{"rendered":"https:\/\/itakt.pro\/mgauchos\/?post_type=product&#038;p=3894"},"modified":"2026-03-07T07:46:27","modified_gmt":"2026-03-07T13:46:27","slug":"500-gr-costillas-al-carbon","status":"publish","type":"product","link":"https:\/\/itakt.pro\/mgauchos\/producto\/500-gr-costillas-al-carbon\/","title":{"rendered":"500 GR. COSTILLAS AL CARB\u00d3N"},"content":{"rendered":"<p>Costillas cocidas a fuego lento, con la receta de la casa. 500 gr. ba\u00f1adas con la salsa de su elecci\u00f3n y acompa\u00f1adas de papas parrilleras. (BBQ \/ LEMON PEPER \/ BUFFALO \/ MANGO HABANERO)<\/p>\n","protected":false},"excerpt":{"rendered":"<p>Costillas cocidas a fuego lento, con la receta de la casa. 500 gr. ba\u00f1adas con la salsa de su elecci\u00f3n y acompa\u00f1adas de papas parrilleras. (BBQ \/ LEMON PEPER \/ BUFFALO \/ MANGO HABANERO)<\/p>\n","protected":false},"featured_media":3739,"template":"","meta":{"_uag_custom_page_level_css":"","site-sidebar-layout":"default","site-content-layout":"","ast-site-content-layout":"default","site-content-style":"default","site-sidebar-style":"default","ast-global-header-display":"","ast-banner-title-visibility":"","ast-main-header-display":"","ast-hfb-above-header-display":"","ast-hfb-below-header-display":"","ast-hfb-mobile-header-display":"","site-post-title":"","ast-breadcrumbs-content":"","ast-featured-img":"","footer-sml-layout":"","ast-disable-related-posts":"","theme-transparent-header-meta":"default","adv-header-id-meta":"","stick-header-meta":"","header-above-stick-meta":"","header-main-stick-meta":"","header-below-stick-meta":"","astra-migrate-meta-layouts":"set","ast-page-background-enabled":"default","ast-page-background-meta":{"desktop":{"background-color":"","background-image":"","background-repeat":"repeat","background-position":"center center","background-size":"auto","background-attachment":"scroll","background-type":"","background-media":"","overlay-type":"","overlay-color":"","overlay-opacity":"","overlay-gradient":""},"tablet":{"background-color":"","background-image":"","background-repeat":"repeat","background-position":"center center","background-size":"auto","background-attachment":"scroll","background-type":"","background-media":"","overlay-type":"","overlay-color":"","overlay-opacity":"","overlay-gradient":""},"mobile":{"background-color":"","background-image":"","background-repeat":"repeat","background-position":"center center","background-size":"auto","background-attachment":"scroll","background-type":"","background-media":"","overlay-type":"","overlay-color":"","overlay-opacity":"","overlay-gradient":""}},"ast-content-background-meta":{"desktop":{"background-color":"var(--ast-global-color-5)","background-image":"","background-repeat":"repeat","background-position":"center center","background-size":"auto","background-attachment":"scroll","background-type":"","background-media":"","overlay-type":"","overlay-color":"","overlay-opacity":"","overlay-gradient":""},"tablet":{"background-color":"var(--ast-global-color-5)","background-image":"","background-repeat":"repeat","background-position":"center center","background-size":"auto","background-attachment":"scroll","background-type":"","background-media":"","overlay-type":"","overlay-color":"","overlay-opacity":"","overlay-gradient":""},"mobile":{"background-color":"var(--ast-global-color-5)","background-image":"","background-repeat":"repeat","background-position":"center center","background-size":"auto","background-attachment":"scroll","background-type":"","background-media":"","overlay-type":"","overlay-color":"","overlay-opacity":"","overlay-gradient":""}}},"product_brand":[],"product_cat":[21],"product_tag":[],"class_list":{"0":"post-3894","1":"product","2":"type-product","3":"status-publish","4":"has-post-thumbnail","6":"product_cat-alitas-y-costillas","7":"desktop-align-left","8":"tablet-align-left","9":"mobile-align-left","11":"first","12":"instock","13":"shipping-taxable","14":"purchasable","15":"product-type-simple"},"uagb_featured_image_src":{"full":["https:\/\/itakt.pro\/mgauchos\/wp-content\/uploads\/2026\/03\/costillasalcarbon.jpg",720,540,false],"thumbnail":["https:\/\/itakt.pro\/mgauchos\/wp-content\/uploads\/2026\/03\/costillasalcarbon-150x150.jpg",150,150,true],"medium":["https:\/\/itakt.pro\/mgauchos\/wp-content\/uploads\/2026\/03\/costillasalcarbon-300x225.jpg",300,225,true],"medium_large":["https:\/\/itakt.pro\/mgauchos\/wp-content\/uploads\/2026\/03\/costillasalcarbon.jpg",720,540,false],"large":["https:\/\/itakt.pro\/mgauchos\/wp-content\/uploads\/2026\/03\/costillasalcarbon.jpg",720,540,false],"1536x1536":["https:\/\/itakt.pro\/mgauchos\/wp-content\/uploads\/2026\/03\/costillasalcarbon.jpg",720,540,false],"2048x2048":["https:\/\/itakt.pro\/mgauchos\/wp-content\/uploads\/2026\/03\/costillasalcarbon.jpg",720,540,false],"woocommerce_thumbnail":["https:\/\/itakt.pro\/mgauchos\/wp-content\/uploads\/2026\/03\/costillasalcarbon-300x300.jpg",300,300,true],"woocommerce_single":["https:\/\/itakt.pro\/mgauchos\/wp-content\/uploads\/2026\/03\/costillasalcarbon-600x450.jpg",600,450,true],"woocommerce_gallery_thumbnail":["https:\/\/itakt.pro\/mgauchos\/wp-content\/uploads\/2026\/03\/costillasalcarbon-100x100.jpg",100,100,true]},"uagb_author_info":{"display_name":"serislas","author_link":"https:\/\/itakt.pro\/mgauchos\/author\/"},"uagb_comment_info":0,"uagb_excerpt":"Costillas cocidas a fuego lento, con la receta de la casa. 500 gr. ba\u00f1adas con la salsa de su elecci\u00f3n y acompa\u00f1adas de papas parrilleras. (BBQ \/ LEMON PEPER \/ BUFFALO \/ MANGO HABANERO)","_links":{"self":[{"href":"https:\/\/itakt.pro\/mgauchos\/wp-json\/wp\/v2\/product\/3894","targetHints":{"allow":["GET"]}}],"collection":[{"href":"https:\/\/itakt.pro\/mgauchos\/wp-json\/wp\/v2\/product"}],"about":[{"href":"https:\/\/itakt.pro\/mgauchos\/wp-json\/wp\/v2\/types\/product"}],"wp:featuredmedia":[{"embeddable":true,"href":"https:\/\/itakt.pro\/mgauchos\/wp-json\/wp\/v2\/media\/3739"}],"wp:attachment":[{"href":"https:\/\/itakt.pro\/mgauchos\/wp-json\/wp\/v2\/media?parent=3894"}],"wp:term":[{"taxonomy":"product_brand","embeddable":true,"href":"https:\/\/itakt.pro\/mgauchos\/wp-json\/wp\/v2\/product_brand?post=3894"},{"taxonomy":"product_cat","embeddable":true,"href":"https:\/\/itakt.pro\/mgauchos\/wp-json\/wp\/v2\/product_cat?post=3894"},{"taxonomy":"product_tag","embeddable":true,"href":"https:\/\/itakt.pro\/mgauchos\/wp-json\/wp\/v2\/product_tag?post=3894"}],"curies":[{"name":"wp","href":"https:\/\/api.w.org\/{rel}","templated":true}]}}